{"id":385,"date":"2024-07-11T22:26:43","date_gmt":"2024-07-11T22:26:43","guid":{"rendered":"https:\/\/proyectoeltambor.org\/?page_id=385"},"modified":"2026-02-24T23:42:11","modified_gmt":"2026-02-24T23:42:11","slug":"galeria-de-mapas","status":"publish","type":"page","link":"https:\/\/proyectoeltambor.org\/en\/galeria-de-mapas\/","title":{"rendered":"Map Gallery"},"content":{"rendered":"<div class=\"wp-block-uagb-container uagb-block-aaa0caab alignfull uagb-is-root-container\"><div class=\"uagb-container-inner-blocks-wrap\">\n<div class=\"wp-block-uagb-advanced-heading uagb-block-e974a72c\"><h2 class=\"uagb-heading-text\">Map Gallery<\/h2><\/div>\n<\/div><\/div>\n\n\n\n<div class=\"wp-block-uagb-advanced-heading uagb-block-bf8f50cc\"><p class=\"uagb-heading-text\">Below you will find some of the maps we have produced at El Tambor Project:<\/p><\/div>\n\n\n\n<figure class=\"wp-block-gallery has-nested-images columns-default is-cropped uag-masonry uagb-block-a3e4e692 wp-block-gallery-1 is-layout-flex wp-block-gallery-is-layout-flex\">\n<figure data-wp-context=\"{&quot;imageId&quot;:&quot;69ef7c7aeba2e&quot;}\" data-wp-interactive=\"core\/image\" data-wp-key=\"69ef7c7aeba2e\" class=\"wp-block-image size-full wp-lightbox-container\"><img loading=\"lazy\" decoding=\"async\" width=\"508\" height=\"542\" data-wp-class--hide=\"state.isContentHidden\" data-wp-class--show=\"state.isContentVisible\" data-wp-init=\"callbacks.setButtonStyles\" data-wp-on--click=\"actions.showLightbox\" data-wp-on--load=\"callbacks.setButtonStyles\" data-wp-on-window--resize=\"callbacks.setButtonStyles\" data-id=\"390\" src=\"https:\/\/proyectoeltambor.org\/wp-content\/uploads\/2024\/07\/Areas_criticas_captura.png\" alt=\"\" class=\"wp-image-390\" srcset=\"https:\/\/proyectoeltambor.org\/wp-content\/uploads\/2024\/07\/Areas_criticas_captura.png 508w, https:\/\/proyectoeltambor.org\/wp-content\/uploads\/2024\/07\/Areas_criticas_captura-281x300.png 281w\" sizes=\"auto, (max-width: 508px) 100vw, 508px\" \/><button\n\t\t\tclass=\"lightbox-trigger\"\n\t\t\ttype=\"button\"\n\t\t\taria-haspopup=\"dialog\"\n\t\t\taria-label=\"Enlarge\"\n\t\t\tdata-wp-init=\"callbacks.initTriggerButton\"\n\t\t\tdata-wp-on--click=\"actions.showLightbox\"\n\t\t\tdata-wp-style--right=\"state.imageButtonRight\"\n\t\t\tdata-wp-style--top=\"state.imageButtonTop\"\n\t\t>\n\t\t\t<svg xmlns=\"http:\/\/www.w3.org\/2000\/svg\" width=\"12\" height=\"12\" fill=\"none\" viewbox=\"0 0 12 12\">\n\t\t\t\t<path fill=\"#fff\" d=\"M2 0a2 2 0 0 0-2 2v2h1.5V2a.5.5 0 0 1 .5-.5h2V0H2Zm2 10.5H2a.5.5 0 0 1-.5-.5V8H0v2a2 2 0 0 0 2 2h2v-1.5ZM8 12v-1.5h2a.5.5 0 0 0 .5-.5V8H12v2a2 2 0 0 1-2 2H8Zm2-12a2 2 0 0 1 2 2v2h-1.5V2a.5.5 0 0 0-.5-.5H8V0h2Z\" \/>\n\t\t\t<\/svg>\n\t\t<\/button><\/figure>\n\n\n\n<figure data-wp-context=\"{&quot;imageId&quot;:&quot;69ef7c7aebddc&quot;}\" data-wp-interactive=\"core\/image\" data-wp-key=\"69ef7c7aebddc\" class=\"wp-block-image size-full wp-lightbox-container\"><img loading=\"lazy\" decoding=\"async\" width=\"2560\" height=\"1862\" data-wp-class--hide=\"state.isContentHidden\" data-wp-class--show=\"state.isContentVisible\" data-wp-init=\"callbacks.setButtonStyles\" data-wp-on--click=\"actions.showLightbox\" data-wp-on--load=\"callbacks.setButtonStyles\" data-wp-on-window--resize=\"callbacks.setButtonStyles\" data-id=\"392\" src=\"https:\/\/proyectoeltambor.org\/wp-content\/uploads\/2024\/07\/Geologico_area_tambor-scaled.jpg\" alt=\"\" class=\"wp-image-392\" srcset=\"https:\/\/proyectoeltambor.org\/wp-content\/uploads\/2024\/07\/Geologico_area_tambor-scaled.jpg 2560w, https:\/\/proyectoeltambor.org\/wp-content\/uploads\/2024\/07\/Geologico_area_tambor-300x218.jpg 300w, https:\/\/proyectoeltambor.org\/wp-content\/uploads\/2024\/07\/Geologico_area_tambor-1024x745.jpg 1024w, https:\/\/proyectoeltambor.org\/wp-content\/uploads\/2024\/07\/Geologico_area_tambor-768x559.jpg 768w, https:\/\/proyectoeltambor.org\/wp-content\/uploads\/2024\/07\/Geologico_area_tambor-1536x1117.jpg 1536w, https:\/\/proyectoeltambor.org\/wp-content\/uploads\/2024\/07\/Geologico_area_tambor-2048x1489.jpg 2048w\" sizes=\"auto, (max-width: 2560px) 100vw, 2560px\" \/><button\n\t\t\tclass=\"lightbox-trigger\"\n\t\t\ttype=\"button\"\n\t\t\taria-haspopup=\"dialog\"\n\t\t\taria-label=\"Enlarge\"\n\t\t\tdata-wp-init=\"callbacks.initTriggerButton\"\n\t\t\tdata-wp-on--click=\"actions.showLightbox\"\n\t\t\tdata-wp-style--right=\"state.imageButtonRight\"\n\t\t\tdata-wp-style--top=\"state.imageButtonTop\"\n\t\t>\n\t\t\t<svg xmlns=\"http:\/\/www.w3.org\/2000\/svg\" width=\"12\" height=\"12\" fill=\"none\" viewbox=\"0 0 12 12\">\n\t\t\t\t<path fill=\"#fff\" d=\"M2 0a2 2 0 0 0-2 2v2h1.5V2a.5.5 0 0 1 .5-.5h2V0H2Zm2 10.5H2a.5.5 0 0 1-.5-.5V8H0v2a2 2 0 0 0 2 2h2v-1.5ZM8 12v-1.5h2a.5.5 0 0 0 .5-.5V8H12v2a2 2 0 0 1-2 2H8Zm2-12a2 2 0 0 1 2 2v2h-1.5V2a.5.5 0 0 0-.5-.5H8V0h2Z\" \/>\n\t\t\t<\/svg>\n\t\t<\/button><\/figure>\n\n\n\n<figure data-wp-context=\"{&quot;imageId&quot;:&quot;69ef7c7aec097&quot;}\" data-wp-interactive=\"core\/image\" data-wp-key=\"69ef7c7aec097\" class=\"wp-block-image size-full wp-lightbox-container\"><img loading=\"lazy\" decoding=\"async\" width=\"2560\" height=\"1707\" data-wp-class--hide=\"state.isContentHidden\" data-wp-class--show=\"state.isContentVisible\" data-wp-init=\"callbacks.setButtonStyles\" data-wp-on--click=\"actions.showLightbox\" data-wp-on--load=\"callbacks.setButtonStyles\" data-wp-on-window--resize=\"callbacks.setButtonStyles\" data-id=\"407\" src=\"https:\/\/proyectoeltambor.org\/wp-content\/uploads\/2024\/07\/Vegetacion-total_2024-scaled.jpg\" alt=\"\" class=\"wp-image-407\" srcset=\"https:\/\/proyectoeltambor.org\/wp-content\/uploads\/2024\/07\/Vegetacion-total_2024-scaled.jpg 2560w, https:\/\/proyectoeltambor.org\/wp-content\/uploads\/2024\/07\/Vegetacion-total_2024-300x200.jpg 300w, https:\/\/proyectoeltambor.org\/wp-content\/uploads\/2024\/07\/Vegetacion-total_2024-1024x683.jpg 1024w, https:\/\/proyectoeltambor.org\/wp-content\/uploads\/2024\/07\/Vegetacion-total_2024-768x512.jpg 768w, https:\/\/proyectoeltambor.org\/wp-content\/uploads\/2024\/07\/Vegetacion-total_2024-1536x1024.jpg 1536w, https:\/\/proyectoeltambor.org\/wp-content\/uploads\/2024\/07\/Vegetacion-total_2024-2048x1365.jpg 2048w\" sizes=\"auto, (max-width: 2560px) 100vw, 2560px\" \/><button\n\t\t\tclass=\"lightbox-trigger\"\n\t\t\ttype=\"button\"\n\t\t\taria-haspopup=\"dialog\"\n\t\t\taria-label=\"Enlarge\"\n\t\t\tdata-wp-init=\"callbacks.initTriggerButton\"\n\t\t\tdata-wp-on--click=\"actions.showLightbox\"\n\t\t\tdata-wp-style--right=\"state.imageButtonRight\"\n\t\t\tdata-wp-style--top=\"state.imageButtonTop\"\n\t\t>\n\t\t\t<svg xmlns=\"http:\/\/www.w3.org\/2000\/svg\" width=\"12\" height=\"12\" fill=\"none\" viewbox=\"0 0 12 12\">\n\t\t\t\t<path fill=\"#fff\" d=\"M2 0a2 2 0 0 0-2 2v2h1.5V2a.5.5 0 0 1 .5-.5h2V0H2Zm2 10.5H2a.5.5 0 0 1-.5-.5V8H0v2a2 2 0 0 0 2 2h2v-1.5ZM8 12v-1.5h2a.5.5 0 0 0 .5-.5V8H12v2a2 2 0 0 1-2 2H8Zm2-12a2 2 0 0 1 2 2v2h-1.5V2a.5.5 0 0 0-.5-.5H8V0h2Z\" \/>\n\t\t\t<\/svg>\n\t\t<\/button><\/figure>\n\n\n\n<figure data-wp-context=\"{&quot;imageId&quot;:&quot;69ef7c7aec2cb&quot;}\" data-wp-interactive=\"core\/image\" data-wp-key=\"69ef7c7aec2cb\" class=\"wp-block-image size-full wp-lightbox-container\"><img loading=\"lazy\" decoding=\"async\" width=\"1500\" height=\"1125\" data-wp-class--hide=\"state.isContentHidden\" data-wp-class--show=\"state.isContentVisible\" data-wp-init=\"callbacks.setButtonStyles\" data-wp-on--click=\"actions.showLightbox\" data-wp-on--load=\"callbacks.setButtonStyles\" data-wp-on-window--resize=\"callbacks.setButtonStyles\" data-id=\"408\" src=\"https:\/\/proyectoeltambor.org\/wp-content\/uploads\/2024\/07\/map_suscep_serv_com-1.jpg\" alt=\"\" class=\"wp-image-408\" srcset=\"https:\/\/proyectoeltambor.org\/wp-content\/uploads\/2024\/07\/map_suscep_serv_com-1.jpg 1500w, https:\/\/proyectoeltambor.org\/wp-content\/uploads\/2024\/07\/map_suscep_serv_com-1-300x225.jpg 300w, https:\/\/proyectoeltambor.org\/wp-content\/uploads\/2024\/07\/map_suscep_serv_com-1-1024x768.jpg 1024w, https:\/\/proyectoeltambor.org\/wp-content\/uploads\/2024\/07\/map_suscep_serv_com-1-768x576.jpg 768w\" sizes=\"auto, (max-width: 1500px) 100vw, 1500px\" \/><button\n\t\t\tclass=\"lightbox-trigger\"\n\t\t\ttype=\"button\"\n\t\t\taria-haspopup=\"dialog\"\n\t\t\taria-label=\"Enlarge\"\n\t\t\tdata-wp-init=\"callbacks.initTriggerButton\"\n\t\t\tdata-wp-on--click=\"actions.showLightbox\"\n\t\t\tdata-wp-style--right=\"state.imageButtonRight\"\n\t\t\tdata-wp-style--top=\"state.imageButtonTop\"\n\t\t>\n\t\t\t<svg xmlns=\"http:\/\/www.w3.org\/2000\/svg\" width=\"12\" height=\"12\" fill=\"none\" viewbox=\"0 0 12 12\">\n\t\t\t\t<path fill=\"#fff\" d=\"M2 0a2 2 0 0 0-2 2v2h1.5V2a.5.5 0 0 1 .5-.5h2V0H2Zm2 10.5H2a.5.5 0 0 1-.5-.5V8H0v2a2 2 0 0 0 2 2h2v-1.5ZM8 12v-1.5h2a.5.5 0 0 0 .5-.5V8H12v2a2 2 0 0 1-2 2H8Zm2-12a2 2 0 0 1 2 2v2h-1.5V2a.5.5 0 0 0-.5-.5H8V0h2Z\" \/>\n\t\t\t<\/svg>\n\t\t<\/button><\/figure>\n\n\n\n<figure data-wp-context=\"{&quot;imageId&quot;:&quot;69ef7c7aec4fe&quot;}\" data-wp-interactive=\"core\/image\" data-wp-key=\"69ef7c7aec4fe\" class=\"wp-block-image size-full wp-lightbox-container\"><img loading=\"lazy\" decoding=\"async\" width=\"2560\" height=\"1707\" data-wp-class--hide=\"state.isContentHidden\" data-wp-class--show=\"state.isContentVisible\" data-wp-init=\"callbacks.setButtonStyles\" data-wp-on--click=\"actions.showLightbox\" data-wp-on--load=\"callbacks.setButtonStyles\" data-wp-on-window--resize=\"callbacks.setButtonStyles\" data-id=\"405\" src=\"https:\/\/proyectoeltambor.org\/wp-content\/uploads\/2024\/07\/Pendientes_2020-scaled.jpg\" alt=\"\" class=\"wp-image-405\" srcset=\"https:\/\/proyectoeltambor.org\/wp-content\/uploads\/2024\/07\/Pendientes_2020-scaled.jpg 2560w, https:\/\/proyectoeltambor.org\/wp-content\/uploads\/2024\/07\/Pendientes_2020-300x200.jpg 300w, https:\/\/proyectoeltambor.org\/wp-content\/uploads\/2024\/07\/Pendientes_2020-1024x683.jpg 1024w, https:\/\/proyectoeltambor.org\/wp-content\/uploads\/2024\/07\/Pendientes_2020-768x512.jpg 768w, https:\/\/proyectoeltambor.org\/wp-content\/uploads\/2024\/07\/Pendientes_2020-1536x1024.jpg 1536w, https:\/\/proyectoeltambor.org\/wp-content\/uploads\/2024\/07\/Pendientes_2020-2048x1365.jpg 2048w\" sizes=\"auto, (max-width: 2560px) 100vw, 2560px\" \/><button\n\t\t\tclass=\"lightbox-trigger\"\n\t\t\ttype=\"button\"\n\t\t\taria-haspopup=\"dialog\"\n\t\t\taria-label=\"Enlarge\"\n\t\t\tdata-wp-init=\"callbacks.initTriggerButton\"\n\t\t\tdata-wp-on--click=\"actions.showLightbox\"\n\t\t\tdata-wp-style--right=\"state.imageButtonRight\"\n\t\t\tdata-wp-style--top=\"state.imageButtonTop\"\n\t\t>\n\t\t\t<svg xmlns=\"http:\/\/www.w3.org\/2000\/svg\" width=\"12\" height=\"12\" fill=\"none\" viewbox=\"0 0 12 12\">\n\t\t\t\t<path fill=\"#fff\" d=\"M2 0a2 2 0 0 0-2 2v2h1.5V2a.5.5 0 0 1 .5-.5h2V0H2Zm2 10.5H2a.5.5 0 0 1-.5-.5V8H0v2a2 2 0 0 0 2 2h2v-1.5ZM8 12v-1.5h2a.5.5 0 0 0 .5-.5V8H12v2a2 2 0 0 1-2 2H8Zm2-12a2 2 0 0 1 2 2v2h-1.5V2a.5.5 0 0 0-.5-.5H8V0h2Z\" \/>\n\t\t\t<\/svg>\n\t\t<\/button><\/figure>\n<\/figure>","protected":false},"excerpt":{"rendered":"<p>Galer\u00eda de Mapas A continuaci\u00f3n encontrar\u00e1s algunos de los mapas que hemos producido en Proyecto El Tambor:<\/p>","protected":false},"author":1,"featured_media":0,"parent":0,"menu_order":0,"comment_status":"closed","ping_status":"closed","template":"","meta":{"_uag_custom_page_level_css":"","site-sidebar-layout":"default","site-content-layout":"","ast-site-content-layout":"","site-content-style":"default","site-sidebar-style":"default","ast-global-header-display":"","ast-banner-title-visibility":"","ast-main-header-display":"","ast-hfb-above-header-display":"","ast-hfb-below-header-display":"","ast-hfb-mobile-header-display":"","site-post-title":"disabled","ast-breadcrumbs-content":"","ast-featured-img":"","footer-sml-layout":"","theme-transparent-header-meta":"","adv-header-id-meta":"","stick-header-meta":"","header-above-stick-meta":"","header-main-stick-meta":"","header-below-stick-meta":"","astra-migrate-meta-layouts":"default","ast-page-background-enabled":"default","ast-page-background-meta":{"desktop":{"background-color":"var(--ast-global-color-4)","background-image":"","background-repeat":"repeat","background-position":"center center","background-size":"auto","background-attachment":"scroll","background-type":"","background-media":"","overlay-type":"","overlay-color":"","overlay-opacity":"","overlay-gradient":""},"tablet":{"background-color":"","background-image":"","background-repeat":"repeat","background-position":"center center","background-size":"auto","background-attachment":"scroll","background-type":"","background-media":"","overlay-type":"","overlay-color":"","overlay-opacity":"","overlay-gradient":""},"mobile":{"background-color":"","background-image":"","background-repeat":"repeat","background-position":"center center","background-size":"auto","background-attachment":"scroll","background-type":"","background-media":"","overlay-type":"","overlay-color":"","overlay-opacity":"","overlay-gradient":""}},"ast-content-background-meta":{"desktop":{"background-color":"var(--ast-global-color-5)","background-image":"","background-repeat":"repeat","background-position":"center center","background-size":"auto","background-attachment":"scroll","background-type":"","background-media":"","overlay-type":"","overlay-color":"","overlay-opacity":"","overlay-gradient":""},"tablet":{"background-color":"var(--ast-global-color-5)","background-image":"","background-repeat":"repeat","background-position":"center center","background-size":"auto","background-attachment":"scroll","background-type":"","background-media":"","overlay-type":"","overlay-color":"","overlay-opacity":"","overlay-gradient":""},"mobile":{"background-color":"var(--ast-global-color-5)","background-image":"","background-repeat":"repeat","background-position":"center center","background-size":"auto","background-attachment":"scroll","background-type":"","background-media":"","overlay-type":"","overlay-color":"","overlay-opacity":"","overlay-gradient":""}},"footnotes":""},"class_list":["post-385","page","type-page","status-publish","hentry"],"uagb_featured_image_src":{"full":false,"thumbnail":false,"medium":false,"medium_large":false,"large":false,"1536x1536":false,"2048x2048":false,"trp-custom-language-flag":false},"uagb_author_info":{"display_name":"proyectotambor","author_link":"https:\/\/proyectoeltambor.org\/en\/author\/proyectotambor\/"},"uagb_comment_info":0,"uagb_excerpt":"Galer\u00eda de Mapas A continuaci\u00f3n encontrar\u00e1s algunos de los mapas que hemos producido en Proyecto El Tambor:","_links":{"self":[{"href":"https:\/\/proyectoeltambor.org\/en\/wp-json\/wp\/v2\/pages\/385","targetHints":{"allow":["GET"]}}],"collection":[{"href":"https:\/\/proyectoeltambor.org\/en\/wp-json\/wp\/v2\/pages"}],"about":[{"href":"https:\/\/proyectoeltambor.org\/en\/wp-json\/wp\/v2\/types\/page"}],"author":[{"embeddable":true,"href":"https:\/\/proyectoeltambor.org\/en\/wp-json\/wp\/v2\/users\/1"}],"replies":[{"embeddable":true,"href":"https:\/\/proyectoeltambor.org\/en\/wp-json\/wp\/v2\/comments?post=385"}],"version-history":[{"count":5,"href":"https:\/\/proyectoeltambor.org\/en\/wp-json\/wp\/v2\/pages\/385\/revisions"}],"predecessor-version":[{"id":895,"href":"https:\/\/proyectoeltambor.org\/en\/wp-json\/wp\/v2\/pages\/385\/revisions\/895"}],"wp:attachment":[{"href":"https:\/\/proyectoeltambor.org\/en\/wp-json\/wp\/v2\/media?parent=385"}],"curies":[{"name":"wp","href":"https:\/\/api.w.org\/{rel}","templated":true}]}}