{"id":441,"date":"2024-07-18T16:30:53","date_gmt":"2024-07-18T16:30:53","guid":{"rendered":"https:\/\/proyectoeltambor.org\/?page_id=441"},"modified":"2024-12-13T02:11:15","modified_gmt":"2024-12-13T02:11:15","slug":"recursos","status":"publish","type":"page","link":"https:\/\/proyectoeltambor.org\/en\/recursos\/","title":{"rendered":"Resources"},"content":{"rendered":"<div class=\"wp-block-uagb-container uagb-block-51b89f0d alignfull uagb-is-root-container\"><div class=\"uagb-container-inner-blocks-wrap\">\n<div class=\"wp-block-uagb-advanced-heading uagb-block-574cd133\"><h2 class=\"uagb-heading-text\">Resources<\/h2><\/div>\n<\/div><\/div>\n\n\n\n<div class=\"wp-block-uagb-advanced-heading uagb-block-8a12126a\"><p class=\"uagb-heading-text\">En esta secci\u00f3n encontrar\u00e1s material audiovisual sobre El Tambor y las actividades realizadas por el equipo de Proyecto El Tambor:<\/p><\/div>\n\n\n\n<div class=\"wp-block-uagb-container uagb-block-29c94ffe alignfull uagb-is-root-container\"><div class=\"uagb-container-inner-blocks-wrap\"><div class=\"gb-container gb-container-9886a801\">\n\n<div class=\"wp-block-uagb-container uagb-block-e953678b\"><\/div>\n\n\n<div class=\"gb-container gb-container-a52198eb\">\n\n<div class=\"wp-block-uagb-container uagb-layout-grid uagb-block-1fd496da\">\n<div class=\"wp-block-uagb-advanced-heading uagb-block-353961ef\"><h2 class=\"uagb-heading-text\"><a href=\"https:\/\/proyectoeltambor.org\/en\/galeria\/\" data-type=\"page\" data-id=\"32\">Galer\u00eda de Fotos<\/a><\/h2><\/div>\n\n\n\n<div class=\"wp-block-uagb-advanced-heading uagb-block-486e3df0\"><p class=\"uagb-heading-text\">Aqu\u00ed encontrar\u00e1s nuestras mejores fotos de flora, fauna y paisajes que se pueden ver en El Tambor.<\/p><\/div>\n<\/div>\n\n<\/div>\n<\/div>\n\n<div class=\"gb-container gb-container-759e6a74\">\n\n<div class=\"wp-block-uagb-container uagb-block-99201d4b\">\n<div class=\"wp-block-uagb-advanced-heading uagb-block-8d023aaa\"><h2 class=\"uagb-heading-text\"><a href=\"https:\/\/proyectoeltambor.org\/en\/galeria-de-mapas\/\" data-type=\"page\" data-id=\"385\">Map Gallery<\/a><\/h2><\/div>\n\n\n\n<div class=\"wp-block-uagb-advanced-heading uagb-block-10c9145d\"><p class=\"uagb-heading-text\">A continuaci\u00f3n podr\u00e1s ver mapas con informaci\u00f3n relevante sobre El Tambor y los lugares en que llevamos a cabo nuestras actividades de restauraci\u00f3n.<\/p><\/div>\n<\/div>\n\n\n\n<div class=\"wp-block-uagb-container uagb-block-0f95f113\"><\/div>\n\n<\/div><\/div><\/div>\n\n\n\n<div class=\"wp-block-uagb-container uagb-block-wkve3wtv alignfull uagb-is-root-container\"><div class=\"uagb-container-inner-blocks-wrap\">\n<div class=\"wp-block-uagb-container uagb-block-x6ntjdlq\">\n<div class=\"wp-block-uagb-image alignleft uagb-block-a31zhs8w wp-block-uagb-image--layout-default wp-block-uagb-image--effect-static wp-block-uagb-image--align-left\"><figure class=\"wp-block-uagb-image__figure\"><img decoding=\"async\" srcset=\"https:\/\/proyectoeltambor.org\/wp-content\/uploads\/2024\/07\/vlcsnap-2024-06-20-12h11m15s107-1024x576.png ,https:\/\/proyectoeltambor.org\/wp-content\/uploads\/2024\/07\/vlcsnap-2024-06-20-12h11m15s107.png 780w, https:\/\/proyectoeltambor.org\/wp-content\/uploads\/2024\/07\/vlcsnap-2024-06-20-12h11m15s107.png 360w\" sizes=\"auto, (max-width: 480px) 150px\" src=\"https:\/\/proyectoeltambor.org\/wp-content\/uploads\/2024\/07\/vlcsnap-2024-06-20-12h11m15s107-1024x576.png\" alt=\"\" class=\"uag-image-380\" width=\"270\" height=\"360\" title=\"vlcsnap-2024-06-20-12h11m15s107\" loading=\"lazy\" role=\"img\"\/><\/figure><\/div>\n\n\n\n<div class=\"wp-block-uagb-image alignleft uagb-block-ypnydfck wp-block-uagb-image--layout-default wp-block-uagb-image--effect-static wp-block-uagb-image--align-left\"><figure class=\"wp-block-uagb-image__figure\"><img decoding=\"async\" srcset=\"https:\/\/proyectoeltambor.org\/wp-content\/uploads\/2024\/07\/P1200345-1024x768.jpg ,https:\/\/proyectoeltambor.org\/wp-content\/uploads\/2024\/07\/P1200345-scaled.jpg 780w, https:\/\/proyectoeltambor.org\/wp-content\/uploads\/2024\/07\/P1200345-scaled.jpg 360w\" sizes=\"auto, (max-width: 480px) 150px\" src=\"https:\/\/proyectoeltambor.org\/wp-content\/uploads\/2024\/07\/P1200345-1024x768.jpg\" alt=\"\" class=\"uag-image-362\" width=\"270\" height=\"360\" title=\"P1200345\" loading=\"lazy\" role=\"img\"\/><\/figure><\/div>\n<\/div>\n\n\n\n<div class=\"wp-block-uagb-container uagb-block-jhg4kova\">\n<div class=\"wp-block-uagb-info-box uagb-block-jc3kptgv uagb-infobox__content-wrap  uagb-infobox-icon-above-title uagb-infobox-image-valign-top\"><div class=\"uagb-ifb-content\"><div class=\"uagb-ifb-title-wrap\"><p class=\"uagb-ifb-title-prefix\">Flora y Fauna<\/p><h2 class=\"uagb-ifb-title\">Species catalogs<\/h2><\/div><p class=\"uagb-ifb-desc\">En esta secci\u00f3n encontrar\u00e1s nuestras lista de especies de flora y fauna que pueden observarse en el p\u00e1ramo El Tambor, as\u00ed como la lista de especies amenazadas seg\u00fan la lista roja de la IUCN<\/p><\/div><\/div>\n\n\n\n<div class=\"wp-block-uagb-buttons uagb-buttons__outer-wrap uagb-btn__default-btn uagb-btn-tablet__default-btn uagb-btn-mobile__default-btn uagb-block-jvljr32f\"><div class=\"uagb-buttons__wrap uagb-buttons-layout-wrap\">\n<div class=\"wp-block-uagb-buttons-child uagb-buttons__outer-wrap uagb-block-7hazzczp wp-block-button\"><div class=\"uagb-button__wrapper\"><a class=\"uagb-buttons-repeater ast-outline-button\" aria-label=\"\" style=\"border-width:revert-layer\" href=\"#\" rel=\"follow noopener\" target=\"_self\" role=\"button\"><div class=\"uagb-button__link\">See<\/div><\/a><\/div><\/div>\n<\/div><\/div>\n<\/div>\n<\/div><\/div>\n\n\n\n<div class=\"wp-block-uagb-container uagb-block-qb1pqscz alignfull uagb-is-root-container\"><div class=\"uagb-container-inner-blocks-wrap\">\n<div class=\"wp-block-uagb-info-box uagb-block-gu30dhzx uagb-infobox__content-wrap  uagb-infobox-icon-above-title uagb-infobox-image-valign-top\"><div class=\"uagb-ifb-content\"><div class=\"uagb-ifb-title-wrap\"><h1 class=\"uagb-ifb-title\">Publications<\/h1><\/div><p class=\"uagb-ifb-desc\">Art\u00edculos cient\u00edficos y otras publicaciones relacionadas con el P\u00e1ramo El Tambor.<\/p><\/div><\/div>\n\n\n\n<div class=\"wp-block-uagb-buttons uagb-buttons__outer-wrap uagb-btn__default-btn uagb-btn-tablet__default-btn uagb-btn-mobile__default-btn uagb-block-m9q08l57\"><div class=\"uagb-buttons__wrap uagb-buttons-layout-wrap\">\n<div class=\"wp-block-uagb-buttons-child uagb-buttons__outer-wrap uagb-block-u2hrwydp wp-block-button\"><div class=\"uagb-button__wrapper\"><a class=\"uagb-buttons-repeater wp-block-button__link\" aria-label=\"\" href=\"https:\/\/proyectoeltambor.org\/en\/publicaciones\/\" rel=\"follow noopener\" target=\"_self\" role=\"button\"><div class=\"uagb-button__link\">See<\/div><\/a><\/div><\/div>\n<\/div><\/div>\n<\/div><\/div>","protected":false},"excerpt":{"rendered":"<p>Recursos En esta secci\u00f3n encontrar\u00e1s material audiovisual sobre El Tambor y las actividades realizadas por el equipo de Proyecto El [&hellip;]<\/p>","protected":false},"author":1,"featured_media":0,"parent":0,"menu_order":0,"comment_status":"closed","ping_status":"closed","template":"","meta":{"_uag_custom_page_level_css":"","site-sidebar-layout":"default","site-content-layout":"","ast-site-content-layout":"","site-content-style":"default","site-sidebar-style":"default","ast-global-header-display":"","ast-banner-title-visibility":"","ast-main-header-display":"","ast-hfb-above-header-display":"","ast-hfb-below-header-display":"","ast-hfb-mobile-header-display":"","site-post-title":"disabled","ast-breadcrumbs-content":"","ast-featured-img":"","footer-sml-layout":"","theme-transparent-header-meta":"","adv-header-id-meta":"","stick-header-meta":"","header-above-stick-meta":"","header-main-stick-meta":"","header-below-stick-meta":"","astra-migrate-meta-layouts":"default","ast-page-background-enabled":"default","ast-page-background-meta":{"desktop":{"background-color":"var(--ast-global-color-4)","background-image":"","background-repeat":"repeat","background-position":"center center","background-size":"auto","background-attachment":"scroll","background-type":"","background-media":"","overlay-type":"","overlay-color":"","overlay-opacity":"","overlay-gradient":""},"tablet":{"background-color":"","background-image":"","background-repeat":"repeat","background-position":"center center","background-size":"auto","background-attachment":"scroll","background-type":"","background-media":"","overlay-type":"","overlay-color":"","overlay-opacity":"","overlay-gradient":""},"mobile":{"background-color":"","background-image":"","background-repeat":"repeat","background-position":"center center","background-size":"auto","background-attachment":"scroll","background-type":"","background-media":"","overlay-type":"","overlay-color":"","overlay-opacity":"","overlay-gradient":""}},"ast-content-background-meta":{"desktop":{"background-color":"var(--ast-global-color-5)","background-image":"","background-repeat":"repeat","background-position":"center center","background-size":"auto","background-attachment":"scroll","background-type":"","background-media":"","overlay-type":"","overlay-color":"","overlay-opacity":"","overlay-gradient":""},"tablet":{"background-color":"var(--ast-global-color-5)","background-image":"","background-repeat":"repeat","background-position":"center center","background-size":"auto","background-attachment":"scroll","background-type":"","background-media":"","overlay-type":"","overlay-color":"","overlay-opacity":"","overlay-gradient":""},"mobile":{"background-color":"var(--ast-global-color-5)","background-image":"","background-repeat":"repeat","background-position":"center center","background-size":"auto","background-attachment":"scroll","background-type":"","background-media":"","overlay-type":"","overlay-color":"","overlay-opacity":"","overlay-gradient":""}},"footnotes":""},"class_list":["post-441","page","type-page","status-publish","hentry"],"uagb_featured_image_src":{"full":false,"thumbnail":false,"medium":false,"medium_large":false,"large":false,"1536x1536":false,"2048x2048":false,"trp-custom-language-flag":false},"uagb_author_info":{"display_name":"proyectotambor","author_link":"https:\/\/proyectoeltambor.org\/en\/author\/proyectotambor\/"},"uagb_comment_info":0,"uagb_excerpt":"Recursos En esta secci\u00f3n encontrar\u00e1s material audiovisual sobre El Tambor y las actividades realizadas por el equipo de Proyecto El [&hellip;]","_links":{"self":[{"href":"https:\/\/proyectoeltambor.org\/en\/wp-json\/wp\/v2\/pages\/441","targetHints":{"allow":["GET"]}}],"collection":[{"href":"https:\/\/proyectoeltambor.org\/en\/wp-json\/wp\/v2\/pages"}],"about":[{"href":"https:\/\/proyectoeltambor.org\/en\/wp-json\/wp\/v2\/types\/page"}],"author":[{"embeddable":true,"href":"https:\/\/proyectoeltambor.org\/en\/wp-json\/wp\/v2\/users\/1"}],"replies":[{"embeddable":true,"href":"https:\/\/proyectoeltambor.org\/en\/wp-json\/wp\/v2\/comments?post=441"}],"version-history":[{"count":5,"href":"https:\/\/proyectoeltambor.org\/en\/wp-json\/wp\/v2\/pages\/441\/revisions"}],"predecessor-version":[{"id":843,"href":"https:\/\/proyectoeltambor.org\/en\/wp-json\/wp\/v2\/pages\/441\/revisions\/843"}],"wp:attachment":[{"href":"https:\/\/proyectoeltambor.org\/en\/wp-json\/wp\/v2\/media?parent=441"}],"curies":[{"name":"wp","href":"https:\/\/api.w.org\/{rel}","templated":true}]}}